{"id":107,"date":"2010-11-06T16:59:09","date_gmt":"2010-11-06T15:59:09","guid":{"rendered":"http:\/\/www.atervinnarna.org\/?page_id=107"},"modified":"2014-07-10T21:05:54","modified_gmt":"2014-07-10T20:05:54","slug":"mobler","status":"publish","type":"page","link":"https:\/\/www.atervinnarna.org\/?page_id=107","title":{"rendered":"M\u00f6bler"},"content":{"rendered":"<p><strong>Om du vill k\u00f6pa en produkt du har sett p\u00e5 webbsidan, s\u00e5 ring till oss! s\u00e5 kan vi l\u00e4gga undan den tills du kan h\u00e4mta och betala, vi kan ocks\u00e5 ordna med hemleverans.<strong> <\/strong><\/strong><\/p>\n<p>inga bilder hittades<\/p>\n\n<p>inga bilder hittades<\/p>\n\n","protected":false},"excerpt":{"rendered":"<p>Om du vill k\u00f6pa en produkt du har sett p\u00e5 webbsidan, s\u00e5 ring till oss! s\u00e5 kan vi l\u00e4gga undan den tills du kan h\u00e4mta och betala, vi kan ocks\u00e5 &#8230;<\/p>\n","protected":false},"author":1,"featured_media":0,"parent":59,"menu_order":0,"comment_status":"open","ping_status":"open","template":"","meta":{"ngg_post_thumbnail":0,"footnotes":""},"class_list":["post-107","page","type-page","status-publish","hentry"],"_links":{"self":[{"href":"https:\/\/www.atervinnarna.org\/index.php?rest_route=\/wp\/v2\/pages\/107","targetHints":{"allow":["GET"]}}],"collection":[{"href":"https:\/\/www.atervinnarna.org\/index.php?rest_route=\/wp\/v2\/pages"}],"about":[{"href":"https:\/\/www.atervinnarna.org\/index.php?rest_route=\/wp\/v2\/types\/page"}],"author":[{"embeddable":true,"href":"https:\/\/www.atervinnarna.org\/index.php?rest_route=\/wp\/v2\/users\/1"}],"replies":[{"embeddable":true,"href":"https:\/\/www.atervinnarna.org\/index.php?rest_route=%2Fwp%2Fv2%2Fcomments&post=107"}],"version-history":[{"count":5,"href":"https:\/\/www.atervinnarna.org\/index.php?rest_route=\/wp\/v2\/pages\/107\/revisions"}],"predecessor-version":[{"id":206,"href":"https:\/\/www.atervinnarna.org\/index.php?rest_route=\/wp\/v2\/pages\/107\/revisions\/206"}],"up":[{"embeddable":true,"href":"https:\/\/www.atervinnarna.org\/index.php?rest_route=\/wp\/v2\/pages\/59"}],"wp:attachment":[{"href":"https:\/\/www.atervinnarna.org\/index.php?rest_route=%2Fwp%2Fv2%2Fmedia&parent=107"}],"curies":[{"name":"wp","href":"https:\/\/api.w.org\/{rel}","templated":true}]}}