{"id":16,"date":"2009-11-09T09:43:07","date_gmt":"2009-11-09T08:43:07","guid":{"rendered":"http:\/\/atervinnarna.org\/wordpress\/?page_id=16"},"modified":"2010-11-09T00:58:58","modified_gmt":"2010-11-08T23:58:58","slug":"stod-oss","status":"publish","type":"page","link":"https:\/\/www.atervinnarna.org\/?page_id=16","title":{"rendered":"St\u00f6d oss"},"content":{"rendered":"<p><strong>Gillar du det vi g\u00f6r?<\/strong><br \/>\nSt\u00f6d oss genom att bli medlem f\u00f6r 100:- per \u00e5r<\/p>\n<p>Du f\u00e5r d\u00e5 deltaga i fridsaktiviteter, och har rabatt i butiken.<\/p>\n<p>Plusgiro: 102 85 34-4<\/p>\n","protected":false},"excerpt":{"rendered":"<p>Gillar du det vi g\u00f6r? St\u00f6d oss genom att bli medlem f\u00f6r 100:- per \u00e5r Du f\u00e5r d\u00e5 deltaga i fridsaktiviteter, och har rabatt i butiken. Plusgiro: 102 85 34-4<\/p>\n","protected":false},"author":1,"featured_media":0,"parent":0,"menu_order":0,"comment_status":"open","ping_status":"open","template":"","meta":{"ngg_post_thumbnail":0,"footnotes":""},"class_list":["post-16","page","type-page","status-publish","hentry"],"_links":{"self":[{"href":"https:\/\/www.atervinnarna.org\/index.php?rest_route=\/wp\/v2\/pages\/16","targetHints":{"allow":["GET"]}}],"collection":[{"href":"https:\/\/www.atervinnarna.org\/index.php?rest_route=\/wp\/v2\/pages"}],"about":[{"href":"https:\/\/www.atervinnarna.org\/index.php?rest_route=\/wp\/v2\/types\/page"}],"author":[{"embeddable":true,"href":"https:\/\/www.atervinnarna.org\/index.php?rest_route=\/wp\/v2\/users\/1"}],"replies":[{"embeddable":true,"href":"https:\/\/www.atervinnarna.org\/index.php?rest_route=%2Fwp%2Fv2%2Fcomments&post=16"}],"version-history":[{"count":6,"href":"https:\/\/www.atervinnarna.org\/index.php?rest_route=\/wp\/v2\/pages\/16\/revisions"}],"predecessor-version":[{"id":29,"href":"https:\/\/www.atervinnarna.org\/index.php?rest_route=\/wp\/v2\/pages\/16\/revisions\/29"}],"wp:attachment":[{"href":"https:\/\/www.atervinnarna.org\/index.php?rest_route=%2Fwp%2Fv2%2Fmedia&parent=16"}],"curies":[{"name":"wp","href":"https:\/\/api.w.org\/{rel}","templated":true}]}}