{"id":3,"date":"2009-11-09T00:18:23","date_gmt":"2009-11-08T23:18:23","guid":{"rendered":"http:\/\/atervinnarna.org\/wordpress\/?page_id=3"},"modified":"2026-02-16T10:20:50","modified_gmt":"2026-02-16T09:20:50","slug":"butiken","status":"publish","type":"page","link":"https:\/\/www.atervinnarna.org\/","title":{"rendered":"Butiken"},"content":{"rendered":"<h2><em>F\u00f6lj oss p\u00e5 <a href=\"https:\/\/www.facebook.com\/gotgatan105\">facebook <\/a>f\u00f6r nyheter som kommer in<\/em><\/h2>\n<h2><em><a href=\"http:\/\/www.atervinnarna.org\/wp-content\/uploads\/2022\/01\/259477069_103616655490506_3747795798746456652_n.jpg\" rel=\"lightbox[3]\"><img loading=\"lazy\" decoding=\"async\" class=\"alignnone  wp-image-299\" src=\"http:\/\/www.atervinnarna.org\/wp-content\/uploads\/2022\/01\/259477069_103616655490506_3747795798746456652_n-300x200.jpg\" alt=\"\" width=\"662\" height=\"441\" srcset=\"https:\/\/www.atervinnarna.org\/wp-content\/uploads\/2022\/01\/259477069_103616655490506_3747795798746456652_n-300x200.jpg 300w, https:\/\/www.atervinnarna.org\/wp-content\/uploads\/2022\/01\/259477069_103616655490506_3747795798746456652_n-768x512.jpg 768w, https:\/\/www.atervinnarna.org\/wp-content\/uploads\/2022\/01\/259477069_103616655490506_3747795798746456652_n.jpg 951w\" sizes=\"auto, (max-width: 662px) 100vw, 662px\" \/><\/a><\/em><\/h2>\n<p>\u00c5tervinnarna<br \/>\nG\u00f6tgatan 105, 116 62 Stockholm<br \/>\nTelefon.&nbsp; 08-615 02 10<br \/>\nE-post: <a href=\"mailto:info@atervinnarna.org\">info@atervinnarna.org<\/a><\/p>\n<p>Sl\u00e4ng inget ring oss f\u00f6rst!<\/p>\n<p>V\u00e5ra \u00f6ppet tider \u00e4r&nbsp;<br \/>\nM\u00e5ndag-Fredag 11-18<br \/>\nL\u00f6rdagar 11-16<br \/>\nS\u00f6ndagar och Helgdagar st\u00e4ngt<\/p>\n<p>OBS!<br \/>\nUnder sommarm\u00e5naderna kan det f\u00f6rekomma&nbsp;<br \/>\navvikelser av \u00f6ppettiderna<br \/>\nH\u00e5ll g\u00e4rna koll p\u00e5 v\u00e5r Facebook sida f\u00f6r aktuella<br \/>\n\u00f6ppettider<br \/>\n\u00c4ven svarstider p\u00e5 telefonen kan bli s\u00e4mre men skicka<br \/>\ng\u00e4rna e-post ist\u00e4llet p\u00e5 <a href=\"mailto:info@atervinnarna.org\">info@atervinnarna.org<\/a><\/p>\n<p>Med v\u00e4nlig h\u00e4lsning&nbsp;<br \/>\nSusanne Aitto-Oja<br \/>\nVerksamhetschef<br \/>\nF\u00f6reningen \u00c5tervinnarna<br \/>\n08-6150210<\/p>\n<p><img loading=\"lazy\" decoding=\"async\" class=\"\" src=\"https:\/\/www.atervinnarna.org\/wp-content\/uploads\/2022\/01\/cropped-Av_logga.jpg\" alt=\"Webbplatsikon\" width=\"61\" height=\"61\"><\/p>\n<p>&nbsp;<\/p>\n","protected":false},"excerpt":{"rendered":"<p>F\u00f6lj oss p\u00e5 facebook f\u00f6r nyheter som kommer in \u00c5tervinnarna G\u00f6tgatan 105, 116 62 Stockholm Telefon.&nbsp; 08-615 02 10 E-post: info@atervinnarna.org Sl\u00e4ng inget ring oss f\u00f6rst! V\u00e5ra \u00f6ppet tider \u00e4r&nbsp; &#8230;<\/p>\n","protected":false},"author":1,"featured_media":0,"parent":0,"menu_order":0,"comment_status":"closed","ping_status":"closed","template":"","meta":{"ngg_post_thumbnail":0,"footnotes":""},"class_list":["post-3","page","type-page","status-publish","hentry"],"_links":{"self":[{"href":"https:\/\/www.atervinnarna.org\/index.php?rest_route=\/wp\/v2\/pages\/3","targetHints":{"allow":["GET"]}}],"collection":[{"href":"https:\/\/www.atervinnarna.org\/index.php?rest_route=\/wp\/v2\/pages"}],"about":[{"href":"https:\/\/www.atervinnarna.org\/index.php?rest_route=\/wp\/v2\/types\/page"}],"author":[{"embeddable":true,"href":"https:\/\/www.atervinnarna.org\/index.php?rest_route=\/wp\/v2\/users\/1"}],"replies":[{"embeddable":true,"href":"https:\/\/www.atervinnarna.org\/index.php?rest_route=%2Fwp%2Fv2%2Fcomments&post=3"}],"version-history":[{"count":120,"href":"https:\/\/www.atervinnarna.org\/index.php?rest_route=\/wp\/v2\/pages\/3\/revisions"}],"predecessor-version":[{"id":336,"href":"https:\/\/www.atervinnarna.org\/index.php?rest_route=\/wp\/v2\/pages\/3\/revisions\/336"}],"wp:attachment":[{"href":"https:\/\/www.atervinnarna.org\/index.php?rest_route=%2Fwp%2Fv2%2Fmedia&parent=3"}],"curies":[{"name":"wp","href":"https:\/\/api.w.org\/{rel}","templated":true}]}}