{"id":59,"date":"2010-11-03T15:54:33","date_gmt":"2010-11-03T14:54:33","guid":{"rendered":"http:\/\/www.atervinnarna.org\/?page_id=59"},"modified":"2019-10-08T13:30:59","modified_gmt":"2019-10-08T12:30:59","slug":"sortimentet","status":"publish","type":"page","link":"https:\/\/www.atervinnarna.org\/?page_id=59","title":{"rendered":"Sortimentet"},"content":{"rendered":"<p><strong>Det som finns i v\u00e5r butik kan reserveras och betalas vid ett senare tillf\u00e4lle i samr\u00e5d med\u00a0 s\u00e4ljare och butikspersonal, Vi har ocks\u00e5 f\u00f6rm\u00e5nlig hemleverans erbjudande, Se fliken Transport\/leverans<\/strong><\/p>\n<p><strong>Vi h\u00e4mtar ocks\u00e5 om ni vill sk\u00e4nka g\u00e5vor enligt \u00f6verenskommelse!<\/strong><\/p>\n<p><strong> <strong><\/strong><\/strong><\/p>\n","protected":false},"excerpt":{"rendered":"<p>Det som finns i v\u00e5r butik kan reserveras och betalas vid ett senare tillf\u00e4lle i samr\u00e5d med\u00a0 s\u00e4ljare och butikspersonal, Vi har ocks\u00e5 f\u00f6rm\u00e5nlig hemleverans erbjudande, Se fliken Transport\/leverans Vi &#8230;<\/p>\n","protected":false},"author":1,"featured_media":0,"parent":0,"menu_order":0,"comment_status":"open","ping_status":"open","template":"","meta":{"ngg_post_thumbnail":0,"footnotes":""},"class_list":["post-59","page","type-page","status-publish","hentry"],"_links":{"self":[{"href":"https:\/\/www.atervinnarna.org\/index.php?rest_route=\/wp\/v2\/pages\/59","targetHints":{"allow":["GET"]}}],"collection":[{"href":"https:\/\/www.atervinnarna.org\/index.php?rest_route=\/wp\/v2\/pages"}],"about":[{"href":"https:\/\/www.atervinnarna.org\/index.php?rest_route=\/wp\/v2\/types\/page"}],"author":[{"embeddable":true,"href":"https:\/\/www.atervinnarna.org\/index.php?rest_route=\/wp\/v2\/users\/1"}],"replies":[{"embeddable":true,"href":"https:\/\/www.atervinnarna.org\/index.php?rest_route=%2Fwp%2Fv2%2Fcomments&post=59"}],"version-history":[{"count":29,"href":"https:\/\/www.atervinnarna.org\/index.php?rest_route=\/wp\/v2\/pages\/59\/revisions"}],"predecessor-version":[{"id":61,"href":"https:\/\/www.atervinnarna.org\/index.php?rest_route=\/wp\/v2\/pages\/59\/revisions\/61"}],"wp:attachment":[{"href":"https:\/\/www.atervinnarna.org\/index.php?rest_route=%2Fwp%2Fv2%2Fmedia&parent=59"}],"curies":[{"name":"wp","href":"https:\/\/api.w.org\/{rel}","templated":true}]}}