{"id":80,"date":"2010-11-03T17:46:35","date_gmt":"2010-11-03T16:46:35","guid":{"rendered":"http:\/\/www.atervinnarna.org\/?page_id=80"},"modified":"2019-10-08T13:06:00","modified_gmt":"2019-10-08T12:06:00","slug":"transportleverans","status":"publish","type":"page","link":"https:\/\/www.atervinnarna.org\/?page_id=80","title":{"rendered":"Transport\/Leverans"},"content":{"rendered":"<p>Leveranstiden beror p\u00e5 vilken typ av produkt du har k\u00f6pt och var du bor. Om du k\u00f6pt en produkt med leveranss\u00e4ttet hemk\u00f6rning kommer du bli kontaktad av transport\u00f6ren som bokar en leveranstid tillsammans med dig.<\/p>\n<p><span style=\"text-decoration: underline;\">Stockholms l\u00e4n:<\/span><\/p>\n<p>Inom tullarna\u00a0 \u00a0250:-<\/p>\n<p>N\u00e4rf\u00f6rort\u00a0 \u00a0 \u00a0400:-<\/p>\n<p>F\u00f6rort\u00a0 \u00a0 \u00a0600:-<\/p>\n","protected":false},"excerpt":{"rendered":"<p>Leveranstiden beror p\u00e5 vilken typ av produkt du har k\u00f6pt och var du bor. Om du k\u00f6pt en produkt med leveranss\u00e4ttet hemk\u00f6rning kommer du bli kontaktad av transport\u00f6ren som bokar &#8230;<\/p>\n","protected":false},"author":1,"featured_media":0,"parent":0,"menu_order":0,"comment_status":"open","ping_status":"open","template":"","meta":{"ngg_post_thumbnail":0,"footnotes":""},"class_list":["post-80","page","type-page","status-publish","hentry"],"_links":{"self":[{"href":"https:\/\/www.atervinnarna.org\/index.php?rest_route=\/wp\/v2\/pages\/80","targetHints":{"allow":["GET"]}}],"collection":[{"href":"https:\/\/www.atervinnarna.org\/index.php?rest_route=\/wp\/v2\/pages"}],"about":[{"href":"https:\/\/www.atervinnarna.org\/index.php?rest_route=\/wp\/v2\/types\/page"}],"author":[{"embeddable":true,"href":"https:\/\/www.atervinnarna.org\/index.php?rest_route=\/wp\/v2\/users\/1"}],"replies":[{"embeddable":true,"href":"https:\/\/www.atervinnarna.org\/index.php?rest_route=%2Fwp%2Fv2%2Fcomments&post=80"}],"version-history":[{"count":4,"href":"https:\/\/www.atervinnarna.org\/index.php?rest_route=\/wp\/v2\/pages\/80\/revisions"}],"predecessor-version":[{"id":82,"href":"https:\/\/www.atervinnarna.org\/index.php?rest_route=\/wp\/v2\/pages\/80\/revisions\/82"}],"wp:attachment":[{"href":"https:\/\/www.atervinnarna.org\/index.php?rest_route=%2Fwp%2Fv2%2Fmedia&parent=80"}],"curies":[{"name":"wp","href":"https:\/\/api.w.org\/{rel}","templated":true}]}}